{"id":487,"date":"2015-05-09T08:53:14","date_gmt":"2015-05-09T08:53:14","guid":{"rendered":"http:\/\/lvgn.herbesfolles.org\/?page_id=487"},"modified":"2015-05-09T09:03:50","modified_gmt":"2015-05-09T09:03:50","slug":"les-ateliers-cuisine-comment-ca-marche","status":"publish","type":"page","link":"http:\/\/lvgn.herbesfolles.org\/?page_id=487","title":{"rendered":"Les \u00ab\u00a0ateliers cuisine\u00a0\u00bb comment \u00e7a marche ?"},"content":{"rendered":"<p>Nous organisons donc tous les mois un atelier participatif \u00e0 la MJC 3 maisons (12 rue fontenoy, \u00e0 Nancy).<br \/>\nLe but est de partager des savoirs culinaires tout en passant un bon moment ensemble autour de la cuisine et ensuite de la table. <\/p>\n<p>Le principe est simple&#8230; On poste sur le site et\/ou sur notre mailing liste (faites la demande si vous voulez \u00eatre inscritEs )le menu en d\u00e9but de mois.<\/p>\n<p><strong>L&rsquo;inscription pr\u00e9alable est obligatoire<\/strong> et elle doit \u00eatre effectu\u00e9e imp\u00e9rativement le mercredi avant l&rsquo;atelier, midi dernier d\u00e9lai. il y a un nombre limit\u00e9 de places pour que ce soit agr\u00e9able pour tout le monde. Nous nous permettons donc de refuser des gens.<\/p>\n<p>Sinon nous demandons une participation aux frais \u00e0 la s\u00e9ance. A titre indicatif, \u00e7a peut varier entre 3 et 5\/6e max par personne.<br \/>\nl&rsquo;inscription \u00e0 la MJC est n\u00e9anmoins obligatoire et vous coutera 8e \u00e0 l&rsquo;ann\u00e9e. <\/p>\n<p>Nous ne g\u00e9rons pas les boissons et vous pouvez ramener ce que vous voulez \u00e0 boire pour le repas et \u00ab\u00a0pr\u00e9paratifs\u00a0\u00bb<\/p>\n<p>Nous nous donnons rdv le jeudi en g\u00e9n\u00e9ral \u00e0 18h30 et g\u00e9n\u00e9ralement \u00e7a se termine entre 22h30 et 23h30.<br \/>\nNous restons \u00e0 votre disposition pour toutes autres questions.<\/p>\n","protected":false},"excerpt":{"rendered":"<p>Nous organisons donc tous les mois un atelier participatif \u00e0 la MJC 3 maisons (12 rue fontenoy, \u00e0 Nancy). Le but est de partager des savoirs culinaires tout en passant<\/p>\n","protected":false},"author":1,"featured_media":0,"parent":0,"menu_order":0,"comment_status":"closed","ping_status":"closed","template":"","meta":[],"_links":{"self":[{"href":"http:\/\/lvgn.herbesfolles.org\/index.php?rest_route=\/wp\/v2\/pages\/487"}],"collection":[{"href":"http:\/\/lvgn.herbesfolles.org\/index.php?rest_route=\/wp\/v2\/pages"}],"about":[{"href":"http:\/\/lvgn.herbesfolles.org\/index.php?rest_route=\/wp\/v2\/types\/page"}],"author":[{"embeddable":true,"href":"http:\/\/lvgn.herbesfolles.org\/index.php?rest_route=\/wp\/v2\/users\/1"}],"replies":[{"embeddable":true,"href":"http:\/\/lvgn.herbesfolles.org\/index.php?rest_route=%2Fwp%2Fv2%2Fcomments&post=487"}],"version-history":[{"count":6,"href":"http:\/\/lvgn.herbesfolles.org\/index.php?rest_route=\/wp\/v2\/pages\/487\/revisions"}],"predecessor-version":[{"id":493,"href":"http:\/\/lvgn.herbesfolles.org\/index.php?rest_route=\/wp\/v2\/pages\/487\/revisions\/493"}],"wp:attachment":[{"href":"http:\/\/lvgn.herbesfolles.org\/index.php?rest_route=%2Fwp%2Fv2%2Fmedia&parent=487"}],"curies":[{"name":"wp","href":"https:\/\/api.w.org\/{rel}","templated":true}]}}